{"id":303248,"date":"2023-08-22T17:03:19","date_gmt":"2023-08-22T20:03:19","guid":{"rendered":"https:\/\/galeriaazur.art\/?post_type=product&#038;p=303248"},"modified":"2023-08-22T17:03:20","modified_gmt":"2023-08-22T20:03:20","slug":"generativo-io-2rompecabezas-unido-byn","status":"publish","type":"product","link":"https:\/\/galeriaazur.art\/esp\/artwork\/generativo-io-2rompecabezas-unido-byn\/","title":{"rendered":"Generativo IO 2Rompecabezas unido byn"},"content":{"rendered":"<p>4_IO (Inteligencia Organica)<br \/>\nFotograf\u00eda de compostaje realizada con c\u00e1mara termogr\u00e1fica y post procesada con herramientas digitales e IA. Impresi\u00f3n Glicl\u00e9e en papel Enhanced<br \/>\n55x70cm<\/p>","protected":false},"excerpt":{"rendered":"<p>4_IO (Inteligencia Organica) Fotograf\u00eda de compostaje realizada con c\u00e1mara termogr\u00e1fica y post procesada con herramientas digitales e IA. Impresi\u00f3n Glicl\u00e9e en papel Enhanced 55x70cm<\/p>","protected":false},"author":442,"featured_media":303245,"template":"","meta":{"_et_pb_use_builder":"o","_et_pb_old_content":"","_et_gb_content_width":""},"product_cat":[203,22],"product_tag":[],"acf":[],"_links":{"self":[{"href":"https:\/\/galeriaazur.art\/esp\/wp-json\/wp\/v2\/product\/303248"}],"collection":[{"href":"https:\/\/galeriaazur.art\/esp\/wp-json\/wp\/v2\/product"}],"about":[{"href":"https:\/\/galeriaazur.art\/esp\/wp-json\/wp\/v2\/types\/product"}],"author":[{"embeddable":true,"href":"https:\/\/galeriaazur.art\/esp\/wp-json\/wp\/v2\/users\/442"}],"wp:featuredmedia":[{"embeddable":true,"href":"https:\/\/galeriaazur.art\/esp\/wp-json\/wp\/v2\/media\/303245"}],"wp:attachment":[{"href":"https:\/\/galeriaazur.art\/esp\/wp-json\/wp\/v2\/media?parent=303248"}],"wp:term":[{"taxonomy":"product_cat","embeddable":true,"href":"https:\/\/galeriaazur.art\/esp\/wp-json\/wp\/v2\/product_cat?post=303248"},{"taxonomy":"product_tag","embeddable":true,"href":"https:\/\/galeriaazur.art\/esp\/wp-json\/wp\/v2\/product_tag?post=303248"}],"curies":[{"name":"wp","href":"https:\/\/api.w.org\/{rel}","templated":true}]}}