{"id":303244,"date":"2023-08-22T17:01:47","date_gmt":"2023-08-22T20:01:47","guid":{"rendered":"https:\/\/galeriaazur.art\/?post_type=product&#038;p=303244"},"modified":"2023-08-22T17:01:48","modified_gmt":"2023-08-22T20:01:48","slug":"resumen-io-unida","status":"publish","type":"product","link":"https:\/\/galeriaazur.art\/esp\/artwork\/resumen-io-unida\/","title":{"rendered":"Resumen IO unida"},"content":{"rendered":"<p>4_IO (Inteligencia Org\u00e1nica)<br \/>\nFotograf\u00eda de compostaje realizada con c\u00e1mara termogr\u00e1fica y post procesada con herramientas digitales.<br \/>\n<span data-mce-type=\"bookmark\" style=\"display: inline-block; width: 0px; overflow: hidden; line-height: 0;\" class=\"mce_SELRES_start\"><\/span>Impresi\u00f3n Glicl\u00e9e en papel Enhanced<\/p>","protected":false},"excerpt":{"rendered":"<p>4_IO (Inteligencia Org\u00e1nica) Fotograf\u00eda de compostaje realizada con c\u00e1mara termogr\u00e1fica y post procesada con herramientas digitales. \ufeffImpresi\u00f3n Glicl\u00e9e en papel Enhanced<\/p>","protected":false},"author":442,"featured_media":303246,"template":"","meta":{"_et_pb_use_builder":"o","_et_pb_old_content":"","_et_gb_content_width":""},"product_cat":[203,22],"product_tag":[],"acf":[],"_links":{"self":[{"href":"https:\/\/galeriaazur.art\/esp\/wp-json\/wp\/v2\/product\/303244"}],"collection":[{"href":"https:\/\/galeriaazur.art\/esp\/wp-json\/wp\/v2\/product"}],"about":[{"href":"https:\/\/galeriaazur.art\/esp\/wp-json\/wp\/v2\/types\/product"}],"author":[{"embeddable":true,"href":"https:\/\/galeriaazur.art\/esp\/wp-json\/wp\/v2\/users\/442"}],"wp:featuredmedia":[{"embeddable":true,"href":"https:\/\/galeriaazur.art\/esp\/wp-json\/wp\/v2\/media\/303246"}],"wp:attachment":[{"href":"https:\/\/galeriaazur.art\/esp\/wp-json\/wp\/v2\/media?parent=303244"}],"wp:term":[{"taxonomy":"product_cat","embeddable":true,"href":"https:\/\/galeriaazur.art\/esp\/wp-json\/wp\/v2\/product_cat?post=303244"},{"taxonomy":"product_tag","embeddable":true,"href":"https:\/\/galeriaazur.art\/esp\/wp-json\/wp\/v2\/product_tag?post=303244"}],"curies":[{"name":"wp","href":"https:\/\/api.w.org\/{rel}","templated":true}]}}