{"id":303240,"date":"2023-08-22T16:52:16","date_gmt":"2023-08-22T19:52:16","guid":{"rendered":"https:\/\/galeriaazur.art\/?post_type=product&#038;p=303240"},"modified":"2023-08-22T16:52:17","modified_gmt":"2023-08-22T19:52:17","slug":"io-2","status":"publish","type":"product","link":"https:\/\/galeriaazur.art\/esp\/artwork\/io-2\/","title":{"rendered":"#IO 2"},"content":{"rendered":"<p>Serie de 16 fotograf\u00edas realizadas con c\u00e1mara termogr\u00e1fica y post procesadas con herramientas digitales.<br \/>\nMedidas: 10 x 16,5 cm<br \/>\nCopias Glicl\u00e9e<br \/>\nPapel Enhanced<\/p>","protected":false},"excerpt":{"rendered":"<p>Serie de 16 fotograf\u00edas realizadas con c\u00e1mara termogr\u00e1fica y post procesadas con herramientas digitales. Medidas: 10 x 16,5 cm Copias Glicl\u00e9e Papel Enhanced<\/p>","protected":false},"author":442,"featured_media":303204,"template":"","meta":{"_et_pb_use_builder":"o","_et_pb_old_content":"","_et_gb_content_width":""},"product_cat":[203,22],"product_tag":[],"acf":[],"_links":{"self":[{"href":"https:\/\/galeriaazur.art\/esp\/wp-json\/wp\/v2\/product\/303240"}],"collection":[{"href":"https:\/\/galeriaazur.art\/esp\/wp-json\/wp\/v2\/product"}],"about":[{"href":"https:\/\/galeriaazur.art\/esp\/wp-json\/wp\/v2\/types\/product"}],"author":[{"embeddable":true,"href":"https:\/\/galeriaazur.art\/esp\/wp-json\/wp\/v2\/users\/442"}],"wp:featuredmedia":[{"embeddable":true,"href":"https:\/\/galeriaazur.art\/esp\/wp-json\/wp\/v2\/media\/303204"}],"wp:attachment":[{"href":"https:\/\/galeriaazur.art\/esp\/wp-json\/wp\/v2\/media?parent=303240"}],"wp:term":[{"taxonomy":"product_cat","embeddable":true,"href":"https:\/\/galeriaazur.art\/esp\/wp-json\/wp\/v2\/product_cat?post=303240"},{"taxonomy":"product_tag","embeddable":true,"href":"https:\/\/galeriaazur.art\/esp\/wp-json\/wp\/v2\/product_tag?post=303240"}],"curies":[{"name":"wp","href":"https:\/\/api.w.org\/{rel}","templated":true}]}}