{"id":256507,"date":"2022-08-23T15:17:03","date_gmt":"2022-08-23T18:17:03","guid":{"rendered":"https:\/\/galeriaazur.art\/?post_type=product&#038;p=256507"},"modified":"2022-10-14T16:21:41","modified_gmt":"2022-10-14T19:21:41","slug":"1-jcr-violencia-2011","status":"publish","type":"product","link":"https:\/\/galeriaazur.art\/esp\/artwork\/1-jcr-violencia-2011\/","title":{"rendered":"1. JCR &#8220;Violencia (2011)&#8221;"},"content":{"rendered":"<p>Afiche. Impresi\u00f3n digital sobre papel<\/p>\n<p>70 x 100 cm<\/p>\n<p>Firmada y fechada en l\u00e1piz, en la parte inferior. Edici\u00f3n facsimilar. Numerado 1\/10.<\/p>","protected":false},"excerpt":{"rendered":"<p>Afiche. Impresi\u00f3n digital sobre papel 70 x 100 cm Firmada y fechada en l\u00e1piz, en la parte inferior. Edici\u00f3n facsimilar. Numerado 1\/10.<\/p>","protected":false},"author":442,"featured_media":256272,"template":"","meta":{"_et_pb_use_builder":"o","_et_pb_old_content":"Afiche. Impresi\u00f3n digital sobre papel\r\n\r\n70 x 100 cm\r\n\r\nFirmada y fechada en l\u00e1piz, en la parte inferior. Edici\u00f3n facsimilar. Numerado 1\/10.","_et_gb_content_width":""},"product_cat":[111,22],"product_tag":[],"acf":[],"_links":{"self":[{"href":"https:\/\/galeriaazur.art\/esp\/wp-json\/wp\/v2\/product\/256507"}],"collection":[{"href":"https:\/\/galeriaazur.art\/esp\/wp-json\/wp\/v2\/product"}],"about":[{"href":"https:\/\/galeriaazur.art\/esp\/wp-json\/wp\/v2\/types\/product"}],"author":[{"embeddable":true,"href":"https:\/\/galeriaazur.art\/esp\/wp-json\/wp\/v2\/users\/442"}],"wp:featuredmedia":[{"embeddable":true,"href":"https:\/\/galeriaazur.art\/esp\/wp-json\/wp\/v2\/media\/256272"}],"wp:attachment":[{"href":"https:\/\/galeriaazur.art\/esp\/wp-json\/wp\/v2\/media?parent=256507"}],"wp:term":[{"taxonomy":"product_cat","embeddable":true,"href":"https:\/\/galeriaazur.art\/esp\/wp-json\/wp\/v2\/product_cat?post=256507"},{"taxonomy":"product_tag","embeddable":true,"href":"https:\/\/galeriaazur.art\/esp\/wp-json\/wp\/v2\/product_tag?post=256507"}],"curies":[{"name":"wp","href":"https:\/\/api.w.org\/{rel}","templated":true}]}}