{"id":256266,"date":"2022-08-22T17:36:41","date_gmt":"2022-08-22T20:36:41","guid":{"rendered":"https:\/\/galeriaazur.art\/?post_type=product&#038;p=256266"},"modified":"2022-10-14T16:31:03","modified_gmt":"2022-10-14T19:31:03","slug":"32-jcrla-desaparicion-2017","status":"publish","type":"product","link":"https:\/\/galeriaazur.art\/esp\/artwork\/32-jcrla-desaparicion-2017\/","title":{"rendered":"32\t.\tJCR\t&#8220;La desaparici\u00f3n (2017)&#8221;"},"content":{"rendered":"<p>Afiche. Impresi\u00f3n tipogr\u00e1fica sobre papel<\/p>\n<p>71 x 55 cm<\/p>","protected":false},"excerpt":{"rendered":"<p>Afiche. Impresi\u00f3n tipogr\u00e1fica sobre papel 71 x 55 cm<\/p>","protected":false},"author":442,"featured_media":256189,"template":"","meta":{"_et_pb_use_builder":"o","_et_pb_old_content":"","_et_gb_content_width":""},"product_cat":[111,22],"product_tag":[],"acf":[],"_links":{"self":[{"href":"https:\/\/galeriaazur.art\/esp\/wp-json\/wp\/v2\/product\/256266"}],"collection":[{"href":"https:\/\/galeriaazur.art\/esp\/wp-json\/wp\/v2\/product"}],"about":[{"href":"https:\/\/galeriaazur.art\/esp\/wp-json\/wp\/v2\/types\/product"}],"author":[{"embeddable":true,"href":"https:\/\/galeriaazur.art\/esp\/wp-json\/wp\/v2\/users\/442"}],"wp:featuredmedia":[{"embeddable":true,"href":"https:\/\/galeriaazur.art\/esp\/wp-json\/wp\/v2\/media\/256189"}],"wp:attachment":[{"href":"https:\/\/galeriaazur.art\/esp\/wp-json\/wp\/v2\/media?parent=256266"}],"wp:term":[{"taxonomy":"product_cat","embeddable":true,"href":"https:\/\/galeriaazur.art\/esp\/wp-json\/wp\/v2\/product_cat?post=256266"},{"taxonomy":"product_tag","embeddable":true,"href":"https:\/\/galeriaazur.art\/esp\/wp-json\/wp\/v2\/product_tag?post=256266"}],"curies":[{"name":"wp","href":"https:\/\/api.w.org\/{rel}","templated":true}]}}