{"id":256259,"date":"2022-08-22T17:28:35","date_gmt":"2022-08-22T20:28:35","guid":{"rendered":"https:\/\/galeriaazur.art\/?post_type=product&#038;p=256259"},"modified":"2022-10-14T16:31:42","modified_gmt":"2022-10-14T19:31:42","slug":"36-jcrla-mosca-2004","status":"publish","type":"product","link":"https:\/\/galeriaazur.art\/esp\/artwork\/36-jcrla-mosca-2004\/","title":{"rendered":"36\t.\tJCR\t&#8220;La Mosca (2004)&#8221;"},"content":{"rendered":"<p>Libro de artista<\/p>\n<p>22 x 21,5 x 4,5 cm<\/p>\n<p>Firmado, fichado y numerado 1\/3 en el interior. Cart\u00f3n entelado, objeto met\u00e1lico, impresi\u00f3n digital.<\/p>\n<p>Reproducida en \u201cLo bello y lo triste. Libros de artista\u201d Arcimboldo Galer\u00eda de arte, 2005, p\u00e1g. 5.<\/p>","protected":false},"excerpt":{"rendered":"<p>Libro de artista 22 x 21,5 x 4,5 cm Firmado, fichado y numerado 1\/3 en el interior. Cart\u00f3n entelado, objeto met\u00e1lico, impresi\u00f3n digital. Reproducida en \u201cLo bello y lo triste. Libros de artista\u201d Arcimboldo Galer\u00eda de arte, 2005, p\u00e1g. 5.<\/p>","protected":false},"author":442,"featured_media":256200,"template":"","meta":{"_et_pb_use_builder":"o","_et_pb_old_content":"","_et_gb_content_width":""},"product_cat":[111,22],"product_tag":[],"acf":[],"_links":{"self":[{"href":"https:\/\/galeriaazur.art\/esp\/wp-json\/wp\/v2\/product\/256259"}],"collection":[{"href":"https:\/\/galeriaazur.art\/esp\/wp-json\/wp\/v2\/product"}],"about":[{"href":"https:\/\/galeriaazur.art\/esp\/wp-json\/wp\/v2\/types\/product"}],"author":[{"embeddable":true,"href":"https:\/\/galeriaazur.art\/esp\/wp-json\/wp\/v2\/users\/442"}],"wp:featuredmedia":[{"embeddable":true,"href":"https:\/\/galeriaazur.art\/esp\/wp-json\/wp\/v2\/media\/256200"}],"wp:attachment":[{"href":"https:\/\/galeriaazur.art\/esp\/wp-json\/wp\/v2\/media?parent=256259"}],"wp:term":[{"taxonomy":"product_cat","embeddable":true,"href":"https:\/\/galeriaazur.art\/esp\/wp-json\/wp\/v2\/product_cat?post=256259"},{"taxonomy":"product_tag","embeddable":true,"href":"https:\/\/galeriaazur.art\/esp\/wp-json\/wp\/v2\/product_tag?post=256259"}],"curies":[{"name":"wp","href":"https:\/\/api.w.org\/{rel}","templated":true}]}}