{"id":256257,"date":"2022-08-22T17:24:04","date_gmt":"2022-08-22T20:24:04","guid":{"rendered":"https:\/\/galeriaazur.art\/?post_type=product&#038;p=256257"},"modified":"2022-10-14T16:32:01","modified_gmt":"2022-10-14T19:32:01","slug":"38-jcrbocangel-2000","status":"publish","type":"product","link":"https:\/\/galeriaazur.art\/esp\/artwork\/38-jcrbocangel-2000\/","title":{"rendered":"38\t.\tJCR\t&#8220;Bocangel (2000)&#8221;"},"content":{"rendered":"<p>Impresi\u00f3n digital sobre papel, fotograf\u00eda de Guillermo Perez Curt\u00f3<\/p>\n<p>61 x 47 cm<\/p>\n<p>Firmada, titulada y fechada en la parte inferior. Numerada 2\/5 (Texto de Gabriel Boc\u00e1ngel)<\/p>\n<p>Reproducida en \u201cCuerpo y materia. Arte argentino entre 1976 y 1985\u201d. Fundaci\u00f3n Osde, 2006, p\u00e1g 57; \u00abRomero \u2013Davis \u2013Longoni: \u201cRomero\u201d, Fundaci\u00f3n Espigas, 2010, p\u00e1g. 27; \u201cJuan Carlos Romero. Selknam (Yo\/el otro)\u201d, Carla Rey arte contempor\u00e1neo, 2010; \u201cJuan Carlos Romero. En acci\u00f3n\u201d, Arte-Blogarte, 2020, p\u00e1g. 21.<\/p>","protected":false},"excerpt":{"rendered":"<p>Impresi\u00f3n digital sobre papel, fotograf\u00eda de Guillermo Perez Curt\u00f3 61 x 47 cm Firmada, titulada y fechada en la parte inferior. Numerada 2\/5 (Texto de Gabriel Boc\u00e1ngel) Reproducida en \u201cCuerpo y materia. Arte argentino entre 1976 y 1985\u201d. Fundaci\u00f3n Osde, 2006, p\u00e1g 57; \u00abRomero \u2013Davis \u2013Longoni: \u201cRomero\u201d, Fundaci\u00f3n Espigas, 2010, p\u00e1g. 27; \u201cJuan Carlos Romero. [&hellip;]<\/p>","protected":false},"author":442,"featured_media":256207,"template":"","meta":{"_et_pb_use_builder":"o","_et_pb_old_content":"","_et_gb_content_width":""},"product_cat":[111,22],"product_tag":[],"acf":[],"_links":{"self":[{"href":"https:\/\/galeriaazur.art\/esp\/wp-json\/wp\/v2\/product\/256257"}],"collection":[{"href":"https:\/\/galeriaazur.art\/esp\/wp-json\/wp\/v2\/product"}],"about":[{"href":"https:\/\/galeriaazur.art\/esp\/wp-json\/wp\/v2\/types\/product"}],"author":[{"embeddable":true,"href":"https:\/\/galeriaazur.art\/esp\/wp-json\/wp\/v2\/users\/442"}],"wp:featuredmedia":[{"embeddable":true,"href":"https:\/\/galeriaazur.art\/esp\/wp-json\/wp\/v2\/media\/256207"}],"wp:attachment":[{"href":"https:\/\/galeriaazur.art\/esp\/wp-json\/wp\/v2\/media?parent=256257"}],"wp:term":[{"taxonomy":"product_cat","embeddable":true,"href":"https:\/\/galeriaazur.art\/esp\/wp-json\/wp\/v2\/product_cat?post=256257"},{"taxonomy":"product_tag","embeddable":true,"href":"https:\/\/galeriaazur.art\/esp\/wp-json\/wp\/v2\/product_tag?post=256257"}],"curies":[{"name":"wp","href":"https:\/\/api.w.org\/{rel}","templated":true}]}}