{"id":256254,"date":"2022-08-22T17:17:56","date_gmt":"2022-08-22T20:17:56","guid":{"rendered":"https:\/\/galeriaazur.art\/?post_type=product&#038;p=256254"},"modified":"2022-10-14T16:33:02","modified_gmt":"2022-10-14T19:33:02","slug":"40-jcrtextos-de-mi-vida-2012","status":"publish","type":"product","link":"https:\/\/galeriaazur.art\/esp\/artwork\/40-jcrtextos-de-mi-vida-2012\/","title":{"rendered":"40\t.\tJCR\t&#8220;Textos de mi vida (2012)&#8221;"},"content":{"rendered":"<p>Libro de artista<\/p>\n<p>25 x 17,5 cm<\/p>\n<p>Buenos Aires, Superabundans Haut, 2012. Cart\u00f3n artesanal de editor.<\/p>\n<p>Impresa con tipograf\u00edas de madera y plomo por Superabundans Haut. 54 p\u00e1ginas, 25 x 17,5 cm. Ejemplar 92\/100, numerado firmado y fechado en l\u00e1piz en el colof\u00f3n.<\/p>","protected":false},"excerpt":{"rendered":"<p>Libro de artista 25 x 17,5 cm Buenos Aires, Superabundans Haut, 2012. Cart\u00f3n artesanal de editor. Impresa con tipograf\u00edas de madera y plomo por Superabundans Haut. 54 p\u00e1ginas, 25 x 17,5 cm. Ejemplar 92\/100, numerado firmado y fechado en l\u00e1piz en el colof\u00f3n.<\/p>","protected":false},"author":442,"featured_media":256213,"template":"","meta":{"_et_pb_use_builder":"o","_et_pb_old_content":"","_et_gb_content_width":""},"product_cat":[111,22],"product_tag":[],"acf":[],"_links":{"self":[{"href":"https:\/\/galeriaazur.art\/esp\/wp-json\/wp\/v2\/product\/256254"}],"collection":[{"href":"https:\/\/galeriaazur.art\/esp\/wp-json\/wp\/v2\/product"}],"about":[{"href":"https:\/\/galeriaazur.art\/esp\/wp-json\/wp\/v2\/types\/product"}],"author":[{"embeddable":true,"href":"https:\/\/galeriaazur.art\/esp\/wp-json\/wp\/v2\/users\/442"}],"wp:featuredmedia":[{"embeddable":true,"href":"https:\/\/galeriaazur.art\/esp\/wp-json\/wp\/v2\/media\/256213"}],"wp:attachment":[{"href":"https:\/\/galeriaazur.art\/esp\/wp-json\/wp\/v2\/media?parent=256254"}],"wp:term":[{"taxonomy":"product_cat","embeddable":true,"href":"https:\/\/galeriaazur.art\/esp\/wp-json\/wp\/v2\/product_cat?post=256254"},{"taxonomy":"product_tag","embeddable":true,"href":"https:\/\/galeriaazur.art\/esp\/wp-json\/wp\/v2\/product_tag?post=256254"}],"curies":[{"name":"wp","href":"https:\/\/api.w.org\/{rel}","templated":true}]}}