{"id":256243,"date":"2022-08-22T16:57:42","date_gmt":"2022-08-22T19:57:42","guid":{"rendered":"https:\/\/galeriaazur.art\/?post_type=product&#038;p=256243"},"modified":"2022-10-14T16:39:18","modified_gmt":"2022-10-14T19:39:18","slug":"48-jcrsombras-2009-urgente-2008","status":"publish","type":"product","link":"https:\/\/galeriaazur.art\/esp\/artwork\/48-jcrsombras-2009-urgente-2008\/","title":{"rendered":"48\t.\tJCR\t&#8220;Sombras (2009) URGENTE (2008)&#8221;"},"content":{"rendered":"<p>Libros de artista<\/p>\n<p>\u00abSombras\u00bb, 2009. Libro de artista. Offset, stencil, impresi\u00f3n digital. 56 p\u00e1ginas<\/p>\n<p>36 x 26 cm.<\/p>\n<p>Es una encuadernaci\u00f3n artesanal en cart\u00f3n entelado y stencil. Ejemplar \u00fanico realizado por Juan Carlos Romero a partir de hojas de prueba de imprenta descartadas en el proceso de edici\u00f3n del libro \u201cUrgente\u201d, 2008.<\/p>\n<p>\u00abUrgente\u00bb, 2008. Libro de artista, impresi\u00f3n digital. 60 p\u00e1ginas<\/p>\n<p>35 x 51 cm<\/p>","protected":false},"excerpt":{"rendered":"<p>Libros de artista \u00abSombras\u00bb, 2009. Libro de artista. Offset, stencil, impresi\u00f3n digital. 56 p\u00e1ginas 36 x 26 cm. Es una encuadernaci\u00f3n artesanal en cart\u00f3n entelado y stencil. Ejemplar \u00fanico realizado por Juan Carlos Romero a partir de hojas de prueba de imprenta descartadas en el proceso de edici\u00f3n del libro \u201cUrgente\u201d, 2008. \u00abUrgente\u00bb, 2008. Libro [&hellip;]<\/p>","protected":false},"author":442,"featured_media":256235,"template":"","meta":{"_et_pb_use_builder":"o","_et_pb_old_content":"","_et_gb_content_width":""},"product_cat":[111,22],"product_tag":[],"acf":[],"_links":{"self":[{"href":"https:\/\/galeriaazur.art\/esp\/wp-json\/wp\/v2\/product\/256243"}],"collection":[{"href":"https:\/\/galeriaazur.art\/esp\/wp-json\/wp\/v2\/product"}],"about":[{"href":"https:\/\/galeriaazur.art\/esp\/wp-json\/wp\/v2\/types\/product"}],"author":[{"embeddable":true,"href":"https:\/\/galeriaazur.art\/esp\/wp-json\/wp\/v2\/users\/442"}],"wp:featuredmedia":[{"embeddable":true,"href":"https:\/\/galeriaazur.art\/esp\/wp-json\/wp\/v2\/media\/256235"}],"wp:attachment":[{"href":"https:\/\/galeriaazur.art\/esp\/wp-json\/wp\/v2\/media?parent=256243"}],"wp:term":[{"taxonomy":"product_cat","embeddable":true,"href":"https:\/\/galeriaazur.art\/esp\/wp-json\/wp\/v2\/product_cat?post=256243"},{"taxonomy":"product_tag","embeddable":true,"href":"https:\/\/galeriaazur.art\/esp\/wp-json\/wp\/v2\/product_tag?post=256243"}],"curies":[{"name":"wp","href":"https:\/\/api.w.org\/{rel}","templated":true}]}}