{"id":256179,"date":"2022-08-22T16:41:24","date_gmt":"2022-08-22T19:41:24","guid":{"rendered":"https:\/\/galeriaazur.art\/?post_type=product&#038;p=256179"},"modified":"2022-10-14T16:40:44","modified_gmt":"2022-10-14T19:40:44","slug":"52-ferrari-leon","status":"publish","type":"product","link":"https:\/\/galeriaazur.art\/esp\/artwork\/52-ferrari-leon\/","title":{"rendered":"52\t.\tFERRARI LE\u00d3N"},"content":{"rendered":"<p>S\/T (1999)<\/p>\n<p>Objeto<\/p>\n<p>Alt. 20,5 cm<\/p>\n<p>Firmada y fechada en la parte inferior. M\u00faltiple edici\u00f3n. Colecci\u00f3n JCR<\/p>","protected":false},"excerpt":{"rendered":"<p>S\/T (1999) Objeto Alt. 20,5 cm Firmada y fechada en la parte inferior. M\u00faltiple edici\u00f3n. Colecci\u00f3n JCR<\/p>","protected":false},"author":442,"featured_media":256149,"template":"","meta":{"_et_pb_use_builder":"o","_et_pb_old_content":"","_et_gb_content_width":""},"product_cat":[111,22],"product_tag":[],"acf":[],"_links":{"self":[{"href":"https:\/\/galeriaazur.art\/esp\/wp-json\/wp\/v2\/product\/256179"}],"collection":[{"href":"https:\/\/galeriaazur.art\/esp\/wp-json\/wp\/v2\/product"}],"about":[{"href":"https:\/\/galeriaazur.art\/esp\/wp-json\/wp\/v2\/types\/product"}],"author":[{"embeddable":true,"href":"https:\/\/galeriaazur.art\/esp\/wp-json\/wp\/v2\/users\/442"}],"wp:featuredmedia":[{"embeddable":true,"href":"https:\/\/galeriaazur.art\/esp\/wp-json\/wp\/v2\/media\/256149"}],"wp:attachment":[{"href":"https:\/\/galeriaazur.art\/esp\/wp-json\/wp\/v2\/media?parent=256179"}],"wp:term":[{"taxonomy":"product_cat","embeddable":true,"href":"https:\/\/galeriaazur.art\/esp\/wp-json\/wp\/v2\/product_cat?post=256179"},{"taxonomy":"product_tag","embeddable":true,"href":"https:\/\/galeriaazur.art\/esp\/wp-json\/wp\/v2\/product_tag?post=256179"}],"curies":[{"name":"wp","href":"https:\/\/api.w.org\/{rel}","templated":true}]}}