{"id":256171,"date":"2022-08-22T16:23:00","date_gmt":"2022-08-22T19:23:00","guid":{"rendered":"https:\/\/galeriaazur.art\/?post_type=product&#038;p=256171"},"modified":"2022-10-14T16:41:40","modified_gmt":"2022-10-14T19:41:40","slug":"58-zabala-horacio","status":"publish","type":"product","link":"https:\/\/galeriaazur.art\/esp\/artwork\/58-zabala-horacio\/","title":{"rendered":"58\t.\tZABALA HORACIO"},"content":{"rendered":"<p>Serie de las hip\u00f3tesis: anteproyecto para tres monocromos y par\u00e9ntesis II (2010)<\/p>\n<p>Litograf\u00eda<\/p>\n<p>35 x 50 cm<\/p>\n<p>Firmada, titulada y fechada en la parte inferior. Numerada 1\/1. Colecci\u00f3n JCR<\/p>","protected":false},"excerpt":{"rendered":"<p>Serie de las hip\u00f3tesis: anteproyecto para tres monocromos y par\u00e9ntesis II (2010) Litograf\u00eda 35 x 50 cm Firmada, titulada y fechada en la parte inferior. Numerada 1\/1. Colecci\u00f3n JCR<\/p>","protected":false},"author":442,"featured_media":256166,"template":"","meta":{"_et_pb_use_builder":"o","_et_pb_old_content":"","_et_gb_content_width":""},"product_cat":[111,22],"product_tag":[],"acf":[],"_links":{"self":[{"href":"https:\/\/galeriaazur.art\/esp\/wp-json\/wp\/v2\/product\/256171"}],"collection":[{"href":"https:\/\/galeriaazur.art\/esp\/wp-json\/wp\/v2\/product"}],"about":[{"href":"https:\/\/galeriaazur.art\/esp\/wp-json\/wp\/v2\/types\/product"}],"author":[{"embeddable":true,"href":"https:\/\/galeriaazur.art\/esp\/wp-json\/wp\/v2\/users\/442"}],"wp:featuredmedia":[{"embeddable":true,"href":"https:\/\/galeriaazur.art\/esp\/wp-json\/wp\/v2\/media\/256166"}],"wp:attachment":[{"href":"https:\/\/galeriaazur.art\/esp\/wp-json\/wp\/v2\/media?parent=256171"}],"wp:term":[{"taxonomy":"product_cat","embeddable":true,"href":"https:\/\/galeriaazur.art\/esp\/wp-json\/wp\/v2\/product_cat?post=256171"},{"taxonomy":"product_tag","embeddable":true,"href":"https:\/\/galeriaazur.art\/esp\/wp-json\/wp\/v2\/product_tag?post=256171"}],"curies":[{"name":"wp","href":"https:\/\/api.w.org\/{rel}","templated":true}]}}