{"id":253260,"date":"2022-07-18T18:04:29","date_gmt":"2022-07-18T21:04:29","guid":{"rendered":"https:\/\/galeriaazur.art\/?post_type=product&#038;p=253260"},"modified":"2022-10-23T19:10:05","modified_gmt":"2022-10-23T22:10:05","slug":"doma-3","status":"publish","type":"product","link":"https:\/\/galeriaazur.art\/esp\/artwork\/doma-3\/","title":{"rendered":"DOMA"},"content":{"rendered":"<p>Constituci\u00f3n (2018)<br \/>\nSerigraf\u00eda en papel 100% algod\u00f3n. Serie de 3,<br \/>\n3 Colores, Plateado a base de Aluminio.<br \/>\n120 x 180cm<\/p>","protected":false},"excerpt":{"rendered":"<p>Constituci\u00f3n (2018) Serigraf\u00eda en papel 100% algod\u00f3n. Serie de 3, 3 Colores, Plateado a base de Aluminio. 120 x 180cm<\/p>","protected":false},"author":442,"featured_media":253174,"template":"","meta":{"_et_pb_use_builder":"o","_et_pb_old_content":"","_et_gb_content_width":""},"product_cat":[86,22],"product_tag":[],"acf":[],"_links":{"self":[{"href":"https:\/\/galeriaazur.art\/esp\/wp-json\/wp\/v2\/product\/253260"}],"collection":[{"href":"https:\/\/galeriaazur.art\/esp\/wp-json\/wp\/v2\/product"}],"about":[{"href":"https:\/\/galeriaazur.art\/esp\/wp-json\/wp\/v2\/types\/product"}],"author":[{"embeddable":true,"href":"https:\/\/galeriaazur.art\/esp\/wp-json\/wp\/v2\/users\/442"}],"wp:featuredmedia":[{"embeddable":true,"href":"https:\/\/galeriaazur.art\/esp\/wp-json\/wp\/v2\/media\/253174"}],"wp:attachment":[{"href":"https:\/\/galeriaazur.art\/esp\/wp-json\/wp\/v2\/media?parent=253260"}],"wp:term":[{"taxonomy":"product_cat","embeddable":true,"href":"https:\/\/galeriaazur.art\/esp\/wp-json\/wp\/v2\/product_cat?post=253260"},{"taxonomy":"product_tag","embeddable":true,"href":"https:\/\/galeriaazur.art\/esp\/wp-json\/wp\/v2\/product_tag?post=253260"}],"curies":[{"name":"wp","href":"https:\/\/api.w.org\/{rel}","templated":true}]}}