{"id":253215,"date":"2022-07-18T17:06:55","date_gmt":"2022-07-18T20:06:55","guid":{"rendered":"https:\/\/galeriaazur.art\/?post_type=product&#038;p=253215"},"modified":"2022-10-23T19:11:12","modified_gmt":"2022-10-23T22:11:12","slug":"nicolas-romero-ever-3","status":"publish","type":"product","link":"https:\/\/galeriaazur.art\/esp\/artwork\/nicolas-romero-ever-3\/","title":{"rendered":"Nicol\u00e1s Romero \u2013 Ever"},"content":{"rendered":"<p>Empat\u00eda (2020)<br \/>\n\u00d3leo y acr\u00edlico sobre lino.<br \/>\n120 x 90cm.<\/p>","protected":false},"excerpt":{"rendered":"<p>Empat\u00eda (2020) \u00d3leo y acr\u00edlico sobre lino. 120 x 90cm.<\/p>","protected":false},"author":442,"featured_media":253141,"template":"","meta":{"_et_pb_use_builder":"o","_et_pb_old_content":"","_et_gb_content_width":""},"product_cat":[86,22],"product_tag":[],"acf":[],"_links":{"self":[{"href":"https:\/\/galeriaazur.art\/esp\/wp-json\/wp\/v2\/product\/253215"}],"collection":[{"href":"https:\/\/galeriaazur.art\/esp\/wp-json\/wp\/v2\/product"}],"about":[{"href":"https:\/\/galeriaazur.art\/esp\/wp-json\/wp\/v2\/types\/product"}],"author":[{"embeddable":true,"href":"https:\/\/galeriaazur.art\/esp\/wp-json\/wp\/v2\/users\/442"}],"wp:featuredmedia":[{"embeddable":true,"href":"https:\/\/galeriaazur.art\/esp\/wp-json\/wp\/v2\/media\/253141"}],"wp:attachment":[{"href":"https:\/\/galeriaazur.art\/esp\/wp-json\/wp\/v2\/media?parent=253215"}],"wp:term":[{"taxonomy":"product_cat","embeddable":true,"href":"https:\/\/galeriaazur.art\/esp\/wp-json\/wp\/v2\/product_cat?post=253215"},{"taxonomy":"product_tag","embeddable":true,"href":"https:\/\/galeriaazur.art\/esp\/wp-json\/wp\/v2\/product_tag?post=253215"}],"curies":[{"name":"wp","href":"https:\/\/api.w.org\/{rel}","templated":true}]}}