{"id":251726,"date":"2022-07-01T18:28:12","date_gmt":"2022-07-01T18:28:12","guid":{"rendered":"https:\/\/galeriaazur.art\/?page_id=251726"},"modified":"2025-08-11T12:31:40","modified_gmt":"2025-08-11T15:31:40","slug":"terminos-y-condiciones-de-subastas-en-buenos-aires","status":"publish","type":"page","link":"https:\/\/galeriaazur.art\/esp\/ar\/terminos-y-condiciones-de-subastas-en-buenos-aires\/","title":{"rendered":"Terminos y condiciones de Subastas en Buenos Aires"},"content":{"rendered":"<p>Por el solo hecho de participar en la subasta de Galeria Azur, ya sea de manera presencial, telef\u00f3nica, online u oferta secreta bajo sobre, se entiende que el comprador conoce y acepta las siguientes condiciones de venta:<br \/>\n1. Qui\u00e9n haga la oferta m\u00e1s alta reconocida por el subastador, ser\u00e1 el comprador. En caso de disputa entre compradores, el subastador tendr\u00e1 la libertad absoluta de determinar el postor ganador, continuar la subasta, cancelar la operaci\u00f3n y\/o ofrecerlo de nuevo.<br \/>\n2. El comprador deber\u00e1 abonar el valor final ofertado, sumada la comisi\u00f3n de Galer\u00eda Azur, del quince por ciento (18%). El impuesto al valor agregado (21%) grava solamente la comisi\u00f3n.<br \/>\n3. El comprador deber\u00e1 abonar en la moneda consignada, o en caso de los valores consignados en U$S se tomar\u00e1 como valor de referencia la cotizaci\u00f3n d\u00f3lar MEP Banco Naci\u00f3n del d\u00eda de la fecha en que se efectivice el pago. Tambi\u00e9n deber\u00e1 abonar el treinta por ciento (30%) de reserva en efectivo en concepto de se\u00f1a sumado el 15% de comisi\u00f3n m\u00e1s IVA. La cancelaci\u00f3n del pago por el saldo restante deber\u00e1 realizarse, dentro de las 48 hs h\u00e1biles posteriores a la fecha de subasta.<br \/>\n4. Habi\u00e9ndose cumplido el plazo establecido para la cancelaci\u00f3n total del pago, Galer\u00eda Azur, podr\u00e1 dar por rescindida la operaci\u00f3n con la p\u00e9rdida de las sumas entregadas por el comprador en concepto de se\u00f1a y comisi\u00f3n, como as\u00ed tambi\u00e9n todo derecho sobre aquello que le fuera adjudicado en el curso de la subasta.<br \/>\n5. Los lotes adquiridos deber\u00e1n ser retirados de Galer\u00eda Azur, por el comprador dentro de las dos semanas posteriores a la subasta. De no cumplirse dichos plazos, el comprador pierde derecho a todo reclamo respecto de estado, deterioro, desperfectos o cualquier otro concepto respecto de los mismos. As\u00ed como tampoco se admitir\u00e1 derecho a reclamo alguno, respecto de las mismas condiciones (estado, deterioro, desperfectos u cualquier otro concepto) una vez retirados los lotes adquiridos.<br \/>\n6. Habiendo estado en exposici\u00f3n en Galer\u00eda Azur, las piezas a subastarse, para su correspondiente estudio y an\u00e1lisis, no se admitir\u00e1 reclamo alguno una vez bajado el martillo, ni se asume obligaci\u00f3n de garant\u00eda hacia el comprador respecto, \u00e9poca o estado, aver\u00eda u otro defecto, aunque no se hubiera detallado en el cat\u00e1logo o cualquier otro material publicado.<br \/>\n7. Galer\u00eda Azur se reserva el derecho de retirar cualquier lote de la venta, as\u00ed como tambi\u00e9n el derecho de no seguir estrictamente el orden de venta establecido teniendo absoluta libertad para resolver cualquier incidente que se produjera.<br \/>\n8. Para compras del exterior comunicarse previamente a mensajes@galeriaazur.com<\/p>\n<p>&nbsp;<\/p>\n<p>&nbsp;<\/p>\n<p>&nbsp;<\/p>","protected":false},"excerpt":{"rendered":"<p>Por el solo hecho de participar en la subasta de Galeria Azur, ya sea de manera presencial, telef\u00f3nica, online u oferta secreta bajo sobre, se entiende que el comprador conoce y acepta las siguientes condiciones de venta: 1. Qui\u00e9n haga la oferta m\u00e1s alta reconocida por el subastador, ser\u00e1 el comprador. En caso de disputa [&hellip;]<\/p>","protected":false},"author":1,"featured_media":0,"parent":247440,"menu_order":0,"comment_status":"closed","ping_status":"closed","template":"","meta":{"_et_pb_use_builder":"","_et_pb_old_content":"","_et_gb_content_width":""},"acf":[],"_links":{"self":[{"href":"https:\/\/galeriaazur.art\/esp\/wp-json\/wp\/v2\/pages\/251726"}],"collection":[{"href":"https:\/\/galeriaazur.art\/esp\/wp-json\/wp\/v2\/pages"}],"about":[{"href":"https:\/\/galeriaazur.art\/esp\/wp-json\/wp\/v2\/types\/page"}],"author":[{"embeddable":true,"href":"https:\/\/galeriaazur.art\/esp\/wp-json\/wp\/v2\/users\/1"}],"replies":[{"embeddable":true,"href":"https:\/\/galeriaazur.art\/esp\/wp-json\/wp\/v2\/comments?post=251726"}],"version-history":[{"count":8,"href":"https:\/\/galeriaazur.art\/esp\/wp-json\/wp\/v2\/pages\/251726\/revisions"}],"predecessor-version":[{"id":379134,"href":"https:\/\/galeriaazur.art\/esp\/wp-json\/wp\/v2\/pages\/251726\/revisions\/379134"}],"up":[{"embeddable":true,"href":"https:\/\/galeriaazur.art\/esp\/wp-json\/wp\/v2\/pages\/247440"}],"wp:attachment":[{"href":"https:\/\/galeriaazur.art\/esp\/wp-json\/wp\/v2\/media?parent=251726"}],"curies":[{"name":"wp","href":"https:\/\/api.w.org\/{rel}","templated":true}]}}